{"id":301,"date":"2025-05-06T07:48:38","date_gmt":"2025-05-06T07:48:38","guid":{"rendered":"https:\/\/physiodulac.testbase.ch\/?page_id=301"},"modified":"2025-06-13T09:43:20","modified_gmt":"2025-06-13T09:43:20","slug":"geriatrische-physiotherapie","status":"publish","type":"page","link":"https:\/\/physiodulac.testbase.ch\/?page_id=301","title":{"rendered":"Geriatrische Physiotherapie"},"content":{"rendered":"<div class=\"wpb-content-wrapper\"><p>[vc_row row_height_percent=&#8220;65&#8243; back_color=&#8220;color-161605&#8243; overlay_alpha=&#8220;50&#8243; gutter_size=&#8220;3&#8243; column_width_percent=&#8220;100&#8243; shift_y=&#8220;0&#8243; z_index=&#8220;0&#8243; content_parallax=&#8220;0&#8243; uncode_shortcode_id=&#8220;267738&#8243; back_color_type=&#8220;uncode-palette&#8220;][vc_column column_width_percent=&#8220;100&#8243; align_horizontal=&#8220;align_center&#8220; gutter_size=&#8220;3&#8243; overlay_alpha=&#8220;50&#8243; shift_x=&#8220;0&#8243; shift_y=&#8220;0&#8243; shift_y_down=&#8220;0&#8243; z_index=&#8220;0&#8243; medium_width=&#8220;0&#8243; mobile_width=&#8220;0&#8243; width=&#8220;1\/1&#8243; uncode_shortcode_id=&#8220;132691&#8243;][uncode_slider slider_interval=&#8220;3000&#8243; slider_navspeed=&#8220;700&#8243; slider_loop=&#8220;yes&#8220; slider_hide_arrows=&#8220;yes&#8220; slider_hide_dots=&#8220;yes&#8220; el_id=&#8220;slider-279726&#8243;][vc_row_inner row_inner_height_percent=&#8220;50&#8243; back_image=&#8220;997&#8243; overlay_alpha=&#8220;50&#8243; gutter_size=&#8220;3&#8243; shift_y=&#8220;0&#8243; z_index=&#8220;0&#8243; uncode_shortcode_id=&#8220;171319&#8243;][vc_column_inner width=&#8220;1\/1&#8243;][\/vc_column_inner][\/vc_row_inner][\/uncode_slider][\/vc_column][\/vc_row][vc_row row_height_percent=&#8220;0&#8243; override_padding=&#8220;yes&#8220; h_padding=&#8220;2&#8243; top_padding=&#8220;0&#8243; bottom_padding=&#8220;2&#8243; back_color=&#8220;color-161605&#8243; overlay_alpha=&#8220;50&#8243; gutter_size=&#8220;3&#8243; column_width_percent=&#8220;100&#8243; shift_y=&#8220;0&#8243; z_index=&#8220;0&#8243; content_parallax=&#8220;0&#8243; uncode_shortcode_id=&#8220;262491&#8243; back_color_type=&#8220;uncode-palette&#8220;][vc_column column_width_percent=&#8220;100&#8243; position_vertical=&#8220;middle&#8220; gutter_size=&#8220;0&#8243; override_padding=&#8220;yes&#8220; column_padding=&#8220;1&#8243; overlay_alpha=&#8220;50&#8243; shift_x=&#8220;0&#8243; shift_y=&#8220;0&#8243; shift_y_down=&#8220;0&#8243; z_index=&#8220;0&#8243; medium_width=&#8220;0&#8243; mobile_width=&#8220;0&#8243; width=&#8220;1\/1&#8243; uncode_shortcode_id=&#8220;104191&#8243;][vc_raw_html]JTVCYWxnX2JhY2tfYnV0dG9uJTIwbGFiZWwlM0QlMjIlRTIlODYlOTAlMjBadXIlQzMlQkNjayUyMiU1RA==[\/vc_raw_html][\/vc_column][\/vc_row][vc_row row_height_percent=&#8220;0&#8243; back_color=&#8220;color-161605&#8243; overlay_alpha=&#8220;50&#8243; gutter_size=&#8220;3&#8243; column_width_percent=&#8220;100&#8243; shift_y=&#8220;0&#8243; z_index=&#8220;0&#8243; content_parallax=&#8220;0&#8243; uncode_shortcode_id=&#8220;653482&#8243; back_color_type=&#8220;uncode-palette&#8220;][vc_column column_width_percent=&#8220;70&#8243; align_horizontal=&#8220;align_center&#8220; gutter_size=&#8220;3&#8243; overlay_alpha=&#8220;50&#8243; shift_x=&#8220;0&#8243; shift_y=&#8220;0&#8243; shift_y_down=&#8220;0&#8243; z_index=&#8220;0&#8243; medium_width=&#8220;0&#8243; mobile_width=&#8220;0&#8243; width=&#8220;1\/1&#8243; uncode_shortcode_id=&#8220;606403&#8243;][vc_custom_heading text_color=&#8220;color-347694&#8243; heading_semantic=&#8220;h1&#8243; text_font=&#8220;font-555555&#8243; text_size=&#8220;h1&#8243; text_weight=&#8220;400&#8243; uncode_shortcode_id=&#8220;877686&#8243; text_color_type=&#8220;uncode-palette&#8220;]Geriatrische Physiotherapie[\/vc_custom_heading][vc_custom_heading text_color=&#8220;color-347694&#8243; heading_semantic=&#8220;h3&#8243; text_size=&#8220;h3&#8243; text_weight=&#8220;400&#8243; uncode_shortcode_id=&#8220;868769&#8243; text_color_type=&#8220;uncode-palette&#8220;]aktiv, selbstst\u00e4ndig, mit Freude am Leben[\/vc_custom_heading][vc_column_text text_color=&#8220;color-347694&#8243; uncode_shortcode_id=&#8220;362654&#8243; text_color_type=&#8220;uncode-palette&#8220;]Mit zunehmendem Alter ver\u00e4ndern sich K\u00f6rper und Beweglichkeit \u2013 doch Mobilit\u00e4t, Lebensqualit\u00e4t und Selbstst\u00e4ndigkeit lassen sich gezielt erhalten und st\u00e4rken. Die geriatrische Physiotherapie bei Physio du Lac und Physio du Parc unterst\u00fctzt \u00e4ltere Menschen dabei, l\u00e4nger sicher, aktiv und selbstbestimmt zu bleiben.[\/vc_column_text][\/vc_column][\/vc_row][vc_row row_height_percent=&#8220;0&#8243; back_color=&#8220;color-656314&#8243; overlay_alpha=&#8220;50&#8243; gutter_size=&#8220;3&#8243; column_width_percent=&#8220;100&#8243; shift_y=&#8220;0&#8243; z_index=&#8220;0&#8243; content_parallax=&#8220;0&#8243; uncode_shortcode_id=&#8220;690118&#8243; back_color_type=&#8220;uncode-palette&#8220;][vc_column column_width_percent=&#8220;70&#8243; align_horizontal=&#8220;align_center&#8220; gutter_size=&#8220;3&#8243; overlay_alpha=&#8220;50&#8243; shift_x=&#8220;0&#8243; shift_y=&#8220;0&#8243; shift_y_down=&#8220;0&#8243; z_index=&#8220;0&#8243; medium_width=&#8220;0&#8243; mobile_width=&#8220;0&#8243; width=&#8220;1\/1&#8243; uncode_shortcode_id=&#8220;606403&#8243;][vc_custom_heading text_color=&#8220;color-347694&#8243; heading_semantic=&#8220;h3&#8243; text_font=&#8220;font-555555&#8243; text_size=&#8220;h3&#8243; text_weight=&#8220;400&#8243; uncode_shortcode_id=&#8220;550722&#8243; text_color_type=&#8220;uncode-palette&#8220;]Unsere speziell angepassten Behandlungen f\u00f6rdern:[\/vc_custom_heading][vc_column_text text_color=&#8220;color-347694&#8243; uncode_shortcode_id=&#8220;735830&#8243; text_color_type=&#8220;uncode-palette&#8220;]den Erhalt von Gleichgewicht und Koordination<br \/>\ndie Kr\u00e4ftigung der Muskulatur und Gelenkstabilit\u00e4t<br \/>\ndie Reduktion von Sturzrisiken und Alltagsbeschwerden<br \/>\ndie Mobilit\u00e4t nach Operationen oder l\u00e4ngerer Bettl\u00e4gerigkeit[\/vc_column_text][\/vc_column][\/vc_row][vc_row row_height_percent=&#8220;0&#8243; override_padding=&#8220;yes&#8220; h_padding=&#8220;7&#8243; top_padding=&#8220;2&#8243; bottom_padding=&#8220;2&#8243; back_color=&#8220;color-161605&#8243; overlay_alpha=&#8220;50&#8243; gutter_size=&#8220;3&#8243; column_width_percent=&#8220;100&#8243; shift_y=&#8220;0&#8243; z_index=&#8220;0&#8243; content_parallax=&#8220;0&#8243; uncode_shortcode_id=&#8220;797203&#8243; back_color_type=&#8220;uncode-palette&#8220;][vc_column column_width_percent=&#8220;100&#8243; align_horizontal=&#8220;align_center&#8220; gutter_size=&#8220;3&#8243; overlay_alpha=&#8220;50&#8243; shift_x=&#8220;0&#8243; shift_y=&#8220;0&#8243; shift_y_down=&#8220;0&#8243; z_index=&#8220;0&#8243; medium_width=&#8220;0&#8243; mobile_width=&#8220;0&#8243; width=&#8220;1\/1&#8243; uncode_shortcode_id=&#8220;199904&#8243; css=&#8220;.vc_custom_1745504509828{padding-bottom: 30px !important;}&#8220;][vc_custom_heading text_color=&#8220;color-347694&#8243; heading_semantic=&#8220;h3&#8243; text_size=&#8220;h3&#8243; text_weight=&#8220;400&#8243; uncode_shortcode_id=&#8220;320577&#8243; text_color_type=&#8220;uncode-palette&#8220;]Ob bei Arthrose, Osteoporose, neurologischen Erkrankungen oder altersbedingten Einschr\u00e4nkungen \u2013 wir begleiten unsere Patient:innen mit viel Erfahrung, Geduld und pers\u00f6nlicher Zuwendung.[\/vc_custom_heading][vc_column_text text_color=&#8220;color-347694&#8243; uncode_shortcode_id=&#8220;595375&#8243; text_color_type=&#8220;uncode-palette&#8220;]Auf Wunsch f\u00fchren wir auch <strong>Hausbesuche<\/strong> im Raum Sugiez und Murten durch.<\/p>\n<p><strong>Physio du Lac und Physio du Parc \u2013 f\u00fcr ein aktives Leben in jedem Alter.<\/strong>[\/vc_column_text][\/vc_column][\/vc_row][vc_row row_height_percent=&#8220;0&#8243; override_padding=&#8220;yes&#8220; h_padding=&#8220;2&#8243; top_padding=&#8220;0&#8243; bottom_padding=&#8220;2&#8243; back_color=&#8220;color-161605&#8243; overlay_alpha=&#8220;50&#8243; gutter_size=&#8220;3&#8243; column_width_percent=&#8220;100&#8243; shift_y=&#8220;0&#8243; z_index=&#8220;0&#8243; content_parallax=&#8220;0&#8243; uncode_shortcode_id=&#8220;262491&#8243; back_color_type=&#8220;uncode-palette&#8220;][vc_column column_width_percent=&#8220;100&#8243; position_vertical=&#8220;middle&#8220; gutter_size=&#8220;0&#8243; override_padding=&#8220;yes&#8220; column_padding=&#8220;1&#8243; overlay_alpha=&#8220;50&#8243; shift_x=&#8220;0&#8243; shift_y=&#8220;0&#8243; shift_y_down=&#8220;0&#8243; z_index=&#8220;0&#8243; medium_width=&#8220;0&#8243; mobile_width=&#8220;0&#8243; width=&#8220;1\/1&#8243; uncode_shortcode_id=&#8220;104191&#8243;][vc_raw_html]JTVCYWxnX2JhY2tfYnV0dG9uJTIwbGFiZWwlM0QlMjIlRTIlODYlOTAlMjBadXIlQzMlQkNjayUyMiU1RA==[\/vc_raw_html][\/vc_column][\/vc_row][vc_row][vc_column width=&#8220;1\/1&#8243;][uncode_block id=&#8220;429&#8243;][\/vc_column][\/vc_row]<\/p>\n<\/div>","protected":false},"excerpt":{"rendered":"<p>[vc_row row_height_percent=&#8220;65&#8243; back_color=&#8220;color-161605&#8243; overlay_alpha=&#8220;50&#8243; gutter_size=&#8220;3&#8243; column_width_percent=&#8220;100&#8243; shift_y=&#8220;0&#8243; z_index=&#8220;0&#8243; content_parallax=&#8220;0&#8243; uncode_shortcode_id=&#8220;267738&#8243; back_color_type=&#8220;uncode-palette&#8220;][vc_column column_width_percent=&#8220;100&#8243; align_horizontal=&#8220;align_center&#8220; gutter_size=&#8220;3&#8243; overlay_alpha=&#8220;50&#8243; shift_x=&#8220;0&#8243; shift_y=&#8220;0&#8243; shift_y_down=&#8220;0&#8243; z_index=&#8220;0&#8243; medium_width=&#8220;0&#8243; [&hellip;]<\/p>\n","protected":false},"author":1,"featured_media":0,"parent":0,"menu_order":0,"comment_status":"closed","ping_status":"closed","template":"","meta":{"footnotes":""},"class_list":["post-301","page","type-page","status-publish","hentry"],"_links":{"self":[{"href":"https:\/\/physiodulac.testbase.ch\/index.php?rest_route=\/wp\/v2\/pages\/301","targetHints":{"allow":["GET"]}}],"collection":[{"href":"https:\/\/physiodulac.testbase.ch\/index.php?rest_route=\/wp\/v2\/pages"}],"about":[{"href":"https:\/\/physiodulac.testbase.ch\/index.php?rest_route=\/wp\/v2\/types\/page"}],"author":[{"embeddable":true,"href":"https:\/\/physiodulac.testbase.ch\/index.php?rest_route=\/wp\/v2\/users\/1"}],"replies":[{"embeddable":true,"href":"https:\/\/physiodulac.testbase.ch\/index.php?rest_route=%2Fwp%2Fv2%2Fcomments&post=301"}],"version-history":[{"count":10,"href":"https:\/\/physiodulac.testbase.ch\/index.php?rest_route=\/wp\/v2\/pages\/301\/revisions"}],"predecessor-version":[{"id":1000,"href":"https:\/\/physiodulac.testbase.ch\/index.php?rest_route=\/wp\/v2\/pages\/301\/revisions\/1000"}],"wp:attachment":[{"href":"https:\/\/physiodulac.testbase.ch\/index.php?rest_route=%2Fwp%2Fv2%2Fmedia&parent=301"}],"curies":[{"name":"wp","href":"https:\/\/api.w.org\/{rel}","templated":true}]}}