{"id":318,"date":"2025-05-06T08:18:20","date_gmt":"2025-05-06T08:18:20","guid":{"rendered":"https:\/\/physiodulac.testbase.ch\/?page_id=318"},"modified":"2025-06-12T11:19:49","modified_gmt":"2025-06-12T11:19:49","slug":"neurologische-physiotherapie","status":"publish","type":"page","link":"https:\/\/physiodulac.testbase.ch\/?page_id=318","title":{"rendered":"Neurologische Physiotherapie"},"content":{"rendered":"<div class=\"wpb-content-wrapper\"><p>[vc_row row_height_percent=&#8220;65&#8243; back_color=&#8220;color-161605&#8243; overlay_alpha=&#8220;50&#8243; gutter_size=&#8220;3&#8243; column_width_percent=&#8220;100&#8243; shift_y=&#8220;0&#8243; z_index=&#8220;0&#8243; content_parallax=&#8220;0&#8243; uncode_shortcode_id=&#8220;267738&#8243; back_color_type=&#8220;uncode-palette&#8220;][vc_column column_width_percent=&#8220;100&#8243; align_horizontal=&#8220;align_center&#8220; gutter_size=&#8220;3&#8243; overlay_alpha=&#8220;50&#8243; shift_x=&#8220;0&#8243; shift_y=&#8220;0&#8243; shift_y_down=&#8220;0&#8243; z_index=&#8220;0&#8243; medium_width=&#8220;0&#8243; mobile_width=&#8220;0&#8243; width=&#8220;1\/1&#8243; uncode_shortcode_id=&#8220;132691&#8243;][uncode_slider slider_interval=&#8220;3000&#8243; slider_navspeed=&#8220;700&#8243; slider_loop=&#8220;yes&#8220; slider_hide_arrows=&#8220;yes&#8220; slider_hide_dots=&#8220;yes&#8220; el_id=&#8220;slider-279726&#8243;][vc_row_inner row_inner_height_percent=&#8220;50&#8243; back_image=&#8220;152&#8243; overlay_alpha=&#8220;50&#8243; gutter_size=&#8220;3&#8243; shift_y=&#8220;0&#8243; z_index=&#8220;0&#8243; uncode_shortcode_id=&#8220;940261&#8243;][vc_column_inner width=&#8220;1\/1&#8243;][\/vc_column_inner][\/vc_row_inner][\/uncode_slider][\/vc_column][\/vc_row][vc_row row_height_percent=&#8220;0&#8243; override_padding=&#8220;yes&#8220; h_padding=&#8220;2&#8243; top_padding=&#8220;0&#8243; bottom_padding=&#8220;2&#8243; back_color=&#8220;color-161605&#8243; overlay_alpha=&#8220;50&#8243; gutter_size=&#8220;3&#8243; column_width_percent=&#8220;100&#8243; shift_y=&#8220;0&#8243; z_index=&#8220;0&#8243; content_parallax=&#8220;0&#8243; uncode_shortcode_id=&#8220;262491&#8243; back_color_type=&#8220;uncode-palette&#8220;][vc_column column_width_percent=&#8220;100&#8243; position_vertical=&#8220;middle&#8220; gutter_size=&#8220;0&#8243; override_padding=&#8220;yes&#8220; column_padding=&#8220;1&#8243; overlay_alpha=&#8220;50&#8243; shift_x=&#8220;0&#8243; shift_y=&#8220;0&#8243; shift_y_down=&#8220;0&#8243; z_index=&#8220;0&#8243; medium_width=&#8220;0&#8243; mobile_width=&#8220;0&#8243; width=&#8220;1\/1&#8243; uncode_shortcode_id=&#8220;104191&#8243;][vc_raw_html]JTVCYWxnX2JhY2tfYnV0dG9uJTIwbGFiZWwlM0QlMjIlRTIlODYlOTAlMjBadXIlQzMlQkNjayUyMiU1RA==[\/vc_raw_html][\/vc_column][\/vc_row][vc_row row_height_percent=&#8220;0&#8243; back_color=&#8220;color-161605&#8243; overlay_alpha=&#8220;50&#8243; gutter_size=&#8220;3&#8243; column_width_percent=&#8220;100&#8243; shift_y=&#8220;0&#8243; z_index=&#8220;0&#8243; content_parallax=&#8220;0&#8243; uncode_shortcode_id=&#8220;653482&#8243; back_color_type=&#8220;uncode-palette&#8220;][vc_column column_width_percent=&#8220;70&#8243; align_horizontal=&#8220;align_center&#8220; gutter_size=&#8220;3&#8243; overlay_alpha=&#8220;50&#8243; shift_x=&#8220;0&#8243; shift_y=&#8220;0&#8243; shift_y_down=&#8220;0&#8243; z_index=&#8220;0&#8243; medium_width=&#8220;0&#8243; mobile_width=&#8220;0&#8243; width=&#8220;1\/1&#8243; uncode_shortcode_id=&#8220;606403&#8243;][vc_custom_heading text_color=&#8220;color-347694&#8243; heading_semantic=&#8220;h1&#8243; text_font=&#8220;font-555555&#8243; text_size=&#8220;h1&#8243; text_weight=&#8220;400&#8243; uncode_shortcode_id=&#8220;661419&#8243; text_color_type=&#8220;uncode-palette&#8220;]Neurologische Physiotherapie[\/vc_custom_heading][vc_custom_heading text_color=&#8220;color-347694&#8243; heading_semantic=&#8220;h3&#8243; text_size=&#8220;h3&#8243; text_weight=&#8220;400&#8243; uncode_shortcode_id=&#8220;959621&#8243; text_color_type=&#8220;uncode-palette&#8220;]gezielte Begleitung mit Herz und Verstand[\/vc_custom_heading][vc_column_text text_color=&#8220;color-347694&#8243; uncode_shortcode_id=&#8220;101571&#8243; text_color_type=&#8220;uncode-palette&#8220;]Die neurologische Physiotherapie bei Physio du Lac und Physio du Parc richtet sich an Menschen mit Erkrankungen oder Verletzungen des Nervensystems. Ob nach einem Schlaganfall, bei Parkinson, Multipler Sklerose oder anderen neurologischen Diagnosen \u2013 unser Ziel ist es, Ihre Selbstst\u00e4ndigkeit, Mobilit\u00e4t und Lebensqualit\u00e4t bestm\u00f6glich zu f\u00f6rdern.<\/p>\n<p>In enger Zusammenarbeit mit Ihrem behandelnden Neurologen erstellen wir einen individuellen Therapieplan, der ganz auf Ihre Bed\u00fcrfnisse abgestimmt ist. Bei Bedarf bieten wir auch <strong>Hausbesuche im Raum Murten und Sugiez<\/strong> an, um Ihnen eine kontinuierliche und pers\u00f6nliche Betreuung zu erm\u00f6glichen.[\/vc_column_text][\/vc_column][\/vc_row][vc_row row_height_percent=&#8220;0&#8243; back_color=&#8220;color-656314&#8243; overlay_alpha=&#8220;50&#8243; gutter_size=&#8220;3&#8243; column_width_percent=&#8220;100&#8243; shift_y=&#8220;0&#8243; z_index=&#8220;0&#8243; content_parallax=&#8220;0&#8243; uncode_shortcode_id=&#8220;690118&#8243; back_color_type=&#8220;uncode-palette&#8220;][vc_column column_width_percent=&#8220;70&#8243; align_horizontal=&#8220;align_center&#8220; gutter_size=&#8220;3&#8243; overlay_alpha=&#8220;50&#8243; shift_x=&#8220;0&#8243; shift_y=&#8220;0&#8243; shift_y_down=&#8220;0&#8243; z_index=&#8220;0&#8243; medium_width=&#8220;0&#8243; mobile_width=&#8220;0&#8243; width=&#8220;1\/1&#8243; uncode_shortcode_id=&#8220;606403&#8243;][vc_custom_heading text_color=&#8220;color-347694&#8243; heading_semantic=&#8220;h3&#8243; text_font=&#8220;font-555555&#8243; text_size=&#8220;h3&#8243; text_weight=&#8220;400&#8243; uncode_shortcode_id=&#8220;143788&#8243; text_color_type=&#8220;uncode-palette&#8220;]Behandelte Krankheitsbilder:[\/vc_custom_heading][vc_column_text text_color=&#8220;color-347694&#8243; uncode_shortcode_id=&#8220;439656&#8243; text_color_type=&#8220;uncode-palette&#8220;]Schlaganfall (AVC)<br \/>\nParkinson- und Alzheimer-Krankheit<br \/>\nMultiple Sklerose<br \/>\nCharcot-Krankheit<br \/>\nPara- und Tetraplegie<br \/>\nVestibul\u00e4re St\u00f6rungen (Gleichgewicht)[\/vc_column_text][vc_single_image media=&#8220;320&#8243; media_width_percent=&#8220;100&#8243; uncode_shortcode_id=&#8220;184277&#8243;][\/vc_column][\/vc_row][vc_row row_height_percent=&#8220;0&#8243; override_padding=&#8220;yes&#8220; h_padding=&#8220;7&#8243; top_padding=&#8220;2&#8243; bottom_padding=&#8220;2&#8243; back_color=&#8220;color-161605&#8243; overlay_alpha=&#8220;50&#8243; gutter_size=&#8220;3&#8243; column_width_percent=&#8220;100&#8243; shift_y=&#8220;0&#8243; z_index=&#8220;0&#8243; content_parallax=&#8220;0&#8243; uncode_shortcode_id=&#8220;797203&#8243; back_color_type=&#8220;uncode-palette&#8220;][vc_column column_width_percent=&#8220;100&#8243; align_horizontal=&#8220;align_center&#8220; gutter_size=&#8220;3&#8243; overlay_alpha=&#8220;50&#8243; shift_x=&#8220;0&#8243; shift_y=&#8220;0&#8243; shift_y_down=&#8220;0&#8243; z_index=&#8220;0&#8243; medium_width=&#8220;0&#8243; mobile_width=&#8220;0&#8243; width=&#8220;1\/1&#8243; uncode_shortcode_id=&#8220;199904&#8243; css=&#8220;.vc_custom_1745504509828{padding-bottom: 30px !important;}&#8220;][vc_custom_heading text_color=&#8220;color-347694&#8243; heading_semantic=&#8220;h3&#8243; text_size=&#8220;h3&#8243; text_weight=&#8220;400&#8243; uncode_shortcode_id=&#8220;824080&#8243; text_color_type=&#8220;uncode-palette&#8220;]Unser Ziel ist es, Ihre Selbstst\u00e4ndigkeit zu f\u00f6rdern und Ihre Lebensqualit\u00e4t sp\u00fcrbar zu verbessern \u2013 aktiv, gesund und in Bewegung.[\/vc_custom_heading][\/vc_column][\/vc_row][vc_row row_height_percent=&#8220;0&#8243; override_padding=&#8220;yes&#8220; h_padding=&#8220;2&#8243; top_padding=&#8220;0&#8243; bottom_padding=&#8220;2&#8243; back_color=&#8220;color-161605&#8243; overlay_alpha=&#8220;50&#8243; gutter_size=&#8220;3&#8243; column_width_percent=&#8220;100&#8243; shift_y=&#8220;0&#8243; z_index=&#8220;0&#8243; content_parallax=&#8220;0&#8243; uncode_shortcode_id=&#8220;262491&#8243; back_color_type=&#8220;uncode-palette&#8220;][vc_column column_width_percent=&#8220;100&#8243; position_vertical=&#8220;middle&#8220; gutter_size=&#8220;0&#8243; override_padding=&#8220;yes&#8220; column_padding=&#8220;1&#8243; overlay_alpha=&#8220;50&#8243; shift_x=&#8220;0&#8243; shift_y=&#8220;0&#8243; shift_y_down=&#8220;0&#8243; z_index=&#8220;0&#8243; medium_width=&#8220;0&#8243; mobile_width=&#8220;0&#8243; width=&#8220;1\/1&#8243; uncode_shortcode_id=&#8220;104191&#8243;][vc_raw_html]JTVCYWxnX2JhY2tfYnV0dG9uJTIwbGFiZWwlM0QlMjIlRTIlODYlOTAlMjBadXIlQzMlQkNjayUyMiU1RA==[\/vc_raw_html][\/vc_column][\/vc_row][vc_row][vc_column width=&#8220;1\/1&#8243;][uncode_block id=&#8220;429&#8243;][\/vc_column][\/vc_row]<\/p>\n<\/div>","protected":false},"excerpt":{"rendered":"<p>[vc_row row_height_percent=&#8220;65&#8243; back_color=&#8220;color-161605&#8243; overlay_alpha=&#8220;50&#8243; gutter_size=&#8220;3&#8243; column_width_percent=&#8220;100&#8243; shift_y=&#8220;0&#8243; z_index=&#8220;0&#8243; content_parallax=&#8220;0&#8243; uncode_shortcode_id=&#8220;267738&#8243; back_color_type=&#8220;uncode-palette&#8220;][vc_column column_width_percent=&#8220;100&#8243; align_horizontal=&#8220;align_center&#8220; gutter_size=&#8220;3&#8243; overlay_alpha=&#8220;50&#8243; shift_x=&#8220;0&#8243; shift_y=&#8220;0&#8243; shift_y_down=&#8220;0&#8243; z_index=&#8220;0&#8243; medium_width=&#8220;0&#8243; [&hellip;]<\/p>\n","protected":false},"author":1,"featured_media":0,"parent":0,"menu_order":0,"comment_status":"closed","ping_status":"closed","template":"","meta":{"footnotes":""},"class_list":["post-318","page","type-page","status-publish","hentry"],"_links":{"self":[{"href":"https:\/\/physiodulac.testbase.ch\/index.php?rest_route=\/wp\/v2\/pages\/318","targetHints":{"allow":["GET"]}}],"collection":[{"href":"https:\/\/physiodulac.testbase.ch\/index.php?rest_route=\/wp\/v2\/pages"}],"about":[{"href":"https:\/\/physiodulac.testbase.ch\/index.php?rest_route=\/wp\/v2\/types\/page"}],"author":[{"embeddable":true,"href":"https:\/\/physiodulac.testbase.ch\/index.php?rest_route=\/wp\/v2\/users\/1"}],"replies":[{"embeddable":true,"href":"https:\/\/physiodulac.testbase.ch\/index.php?rest_route=%2Fwp%2Fv2%2Fcomments&post=318"}],"version-history":[{"count":6,"href":"https:\/\/physiodulac.testbase.ch\/index.php?rest_route=\/wp\/v2\/pages\/318\/revisions"}],"predecessor-version":[{"id":781,"href":"https:\/\/physiodulac.testbase.ch\/index.php?rest_route=\/wp\/v2\/pages\/318\/revisions\/781"}],"wp:attachment":[{"href":"https:\/\/physiodulac.testbase.ch\/index.php?rest_route=%2Fwp%2Fv2%2Fmedia&parent=318"}],"curies":[{"name":"wp","href":"https:\/\/api.w.org\/{rel}","templated":true}]}}