{"id":360,"date":"2025-05-07T07:47:35","date_gmt":"2025-05-07T07:47:35","guid":{"rendered":"https:\/\/physiodulac.testbase.ch\/?page_id=360"},"modified":"2025-06-13T09:52:57","modified_gmt":"2025-06-13T09:52:57","slug":"methoden","status":"publish","type":"page","link":"https:\/\/physiodulac.testbase.ch\/?page_id=360","title":{"rendered":"Methoden"},"content":{"rendered":"<div class=\"wpb-content-wrapper\"><p>[vc_row row_height_percent=&#8220;65&#8243; back_color=&#8220;color-161605&#8243; overlay_alpha=&#8220;50&#8243; gutter_size=&#8220;3&#8243; column_width_percent=&#8220;100&#8243; shift_y=&#8220;0&#8243; z_index=&#8220;0&#8243; content_parallax=&#8220;0&#8243; uncode_shortcode_id=&#8220;267738&#8243; back_color_type=&#8220;uncode-palette&#8220;][vc_column column_width_percent=&#8220;100&#8243; align_horizontal=&#8220;align_center&#8220; gutter_size=&#8220;3&#8243; overlay_alpha=&#8220;50&#8243; shift_x=&#8220;0&#8243; shift_y=&#8220;0&#8243; shift_y_down=&#8220;0&#8243; z_index=&#8220;0&#8243; medium_width=&#8220;0&#8243; mobile_width=&#8220;0&#8243; width=&#8220;1\/1&#8243; uncode_shortcode_id=&#8220;132691&#8243;][uncode_slider slider_interval=&#8220;3000&#8243; slider_navspeed=&#8220;700&#8243; slider_loop=&#8220;yes&#8220; slider_hide_arrows=&#8220;yes&#8220; slider_hide_dots=&#8220;yes&#8220; el_id=&#8220;slider-279726&#8243;][vc_row_inner row_inner_height_percent=&#8220;50&#8243; back_image=&#8220;637&#8243; overlay_alpha=&#8220;50&#8243; gutter_size=&#8220;3&#8243; shift_y=&#8220;0&#8243; z_index=&#8220;0&#8243; uncode_shortcode_id=&#8220;127616&#8243;][vc_column_inner width=&#8220;1\/1&#8243;][\/vc_column_inner][\/vc_row_inner][vc_row_inner row_inner_height_percent=&#8220;0&#8243; back_image=&#8220;640&#8243; overlay_alpha=&#8220;50&#8243; gutter_size=&#8220;3&#8243; shift_y=&#8220;0&#8243; z_index=&#8220;0&#8243; uncode_shortcode_id=&#8220;198783&#8243;][vc_column_inner width=&#8220;1\/1&#8243;][\/vc_column_inner][\/vc_row_inner][vc_row_inner row_inner_height_percent=&#8220;0&#8243; back_image=&#8220;651&#8243; overlay_alpha=&#8220;50&#8243; gutter_size=&#8220;3&#8243; shift_y=&#8220;0&#8243; z_index=&#8220;0&#8243; uncode_shortcode_id=&#8220;120940&#8243;][vc_column_inner width=&#8220;1\/1&#8243;][\/vc_column_inner][\/vc_row_inner][\/uncode_slider][\/vc_column][\/vc_row][vc_row row_height_percent=&#8220;0&#8243; back_color=&#8220;color-161605&#8243; overlay_alpha=&#8220;50&#8243; gutter_size=&#8220;3&#8243; column_width_percent=&#8220;100&#8243; shift_y=&#8220;0&#8243; z_index=&#8220;0&#8243; content_parallax=&#8220;0&#8243; uncode_shortcode_id=&#8220;653482&#8243; back_color_type=&#8220;uncode-palette&#8220;][vc_column column_width_percent=&#8220;70&#8243; align_horizontal=&#8220;align_center&#8220; gutter_size=&#8220;3&#8243; overlay_alpha=&#8220;50&#8243; shift_x=&#8220;0&#8243; shift_y=&#8220;0&#8243; shift_y_down=&#8220;0&#8243; z_index=&#8220;0&#8243; medium_width=&#8220;0&#8243; mobile_width=&#8220;0&#8243; width=&#8220;1\/1&#8243; uncode_shortcode_id=&#8220;606403&#8243;][vc_custom_heading text_color=&#8220;color-347694&#8243; heading_semantic=&#8220;h1&#8243; text_font=&#8220;font-555555&#8243; text_size=&#8220;h1&#8243; text_weight=&#8220;400&#8243; uncode_shortcode_id=&#8220;654947&#8243; text_color_type=&#8220;uncode-palette&#8220;]Unsere Methoden in der Physiotherapie[\/vc_custom_heading][vc_custom_heading text_color=&#8220;color-347694&#8243; heading_semantic=&#8220;h3&#8243; text_size=&#8220;h3&#8243; text_weight=&#8220;400&#8243; uncode_shortcode_id=&#8220;790971&#8243; text_color_type=&#8220;uncode-palette&#8220;]Wir wenden eine Vielzahl von Techniken an, um Ihnen zu helfen, Ihre Gesundheit zu verbessern und Ihre Funktionsf\u00e4higkeit im Alltag zu steigern[\/vc_custom_heading][vc_column_text text_color=&#8220;color-347694&#8243; uncode_shortcode_id=&#8220;144387&#8243; text_color_type=&#8220;uncode-palette&#8220;]Hier ein einfacher \u00dcberblick \u00fcber unsere wichtigsten Methoden:[\/vc_column_text][\/vc_column][\/vc_row][vc_row row_height_percent=&#8220;0&#8243; override_padding=&#8220;yes&#8220; h_padding=&#8220;2&#8243; top_padding=&#8220;2&#8243; bottom_padding=&#8220;2&#8243; back_color=&#8220;color-136261&#8243; overlay_alpha=&#8220;50&#8243; gutter_size=&#8220;3&#8243; column_width_percent=&#8220;60&#8243; shift_y=&#8220;0&#8243; z_index=&#8220;0&#8243; content_parallax=&#8220;0&#8243; uncode_shortcode_id=&#8220;852786&#8243; back_color_type=&#8220;uncode-palette&#8220;][vc_column width=&#8220;1\/1&#8243;][vc_accordion gutter_simple=&#8220;0&#8243; active_txt_color=&#8220;color-347694&#8243; uncode_shortcode_id=&#8220;181432&#8243; active_txt_color_type=&#8220;uncode-palette&#8220; el_class=&#8220;white-accordion&#8220;][vc_accordion_tab gutter_size=&#8220;2&#8243; column_padding=&#8220;2&#8243; title=&#8220;Manuelle Therapie (Maitland-Konzept)&#8220; tab_id=&#8220;1747655851-1-92&#8243;][vc_column_text uncode_shortcode_id=&#8220;168310&#8243;]Anwendung pr\u00e4ziser Techniken zur Mobilisierung von Gelenken und Gewebe, um Schmerzen zu reduzieren und die Beweglichkeit zu verbessern.[\/vc_column_text][\/vc_accordion_tab][vc_accordion_tab gutter_size=&#8220;2&#8243; column_padding=&#8220;2&#8243; title=&#8220;Faszientherapie&#8220; tab_id=&#8220;1747655851-2-57&#8243;][vc_column_text uncode_shortcode_id=&#8220;152671&#8243;]Eine sanfte Methode, die darauf abzielt, Spannungen in den Faszien (Bindegewebe) zu l\u00f6sen, um die Beweglichkeit zu verbessern und Schmerzen zu lindern.[\/vc_column_text][\/vc_accordion_tab][vc_accordion_tab gutter_size=&#8220;2&#8243; column_padding=&#8220;2&#8243; title=&#8220;Medizinische Muskelst\u00e4rkung &amp; Stretching&#8220; tab_id=&#8220;1747656883705-2-0&#8243;][vc_column_text uncode_shortcode_id=&#8220;350514&#8243;]Angepasste \u00dcbungsprogramme, um Ihre Muskeln zu st\u00e4rken und Ihre Flexibilit\u00e4t zu verbessern, um Verletzungen vorzubeugen.[\/vc_column_text][\/vc_accordion_tab][vc_accordion_tab gutter_size=&#8220;2&#8243; column_padding=&#8220;2&#8243; title=&#8220;Funktionelle Rehabilitation&#8220; tab_id=&#8220;1747656914806-3-2&#8243;][vc_column_text uncode_shortcode_id=&#8220;801998&#8243;]Fokus auf funktionelle Wiederherstellung, um Ihnen zu helfen, nach einer Verletzung Ihre t\u00e4glichen Aktivit\u00e4ten wieder aufzunehmen.[\/vc_column_text][\/vc_accordion_tab][vc_accordion_tab gutter_size=&#8220;2&#8243; column_padding=&#8220;2&#8243; title=&#8220;Allgemeine osteopathische Techniken&#8220; tab_id=&#8220;1747656937689-4-10&#8243;][vc_column_text uncode_shortcode_id=&#8220;985479&#8243;]Manuelle Ans\u00e4tze, die den gesamten K\u00f6rper ber\u00fccksichtigen, um Schmerzen zu behandeln und das Gleichgewicht zu f\u00f6rdern.[\/vc_column_text][\/vc_accordion_tab][vc_accordion_tab gutter_size=&#8220;2&#8243; column_padding=&#8220;2&#8243; title=&#8220;Medizinische Lymphdrainage&#8220; tab_id=&#8220;1747656961256-5-4&#8243;][vc_column_text uncode_shortcode_id=&#8220;447900&#8243;]Sanfte Technik zur Anregung des Lymphsystems, um \u00d6deme zu reduzieren und die Durchblutung zu verbessern.[\/vc_column_text][\/vc_accordion_tab][vc_accordion_tab gutter_size=&#8220;2&#8243; column_padding=&#8220;2&#8243; title=&#8220;Dry Needling&#8220; tab_id=&#8220;1747657539970-6-3&#8243;][vc_column_text uncode_shortcode_id=&#8220;177208&#8243;]Verwendung von trockenen Nadeln zur Behandlung von Muskeltriggerpunkten und zur Schmerzlinderung.[\/vc_column_text][\/vc_accordion_tab][vc_accordion_tab gutter_size=&#8220;2&#8243; column_padding=&#8220;2&#8243; title=&#8220;Game Ready&#8220; tab_id=&#8220;1747657563951-7-6&#8243;][vc_column_text uncode_shortcode_id=&#8220;916823&#8243;]Ger\u00e4t, das K\u00e4lte und Kompression kombiniert, um die Erholung von Sportverletzungen zu unterst\u00fctzen.[\/vc_column_text][\/vc_accordion_tab][vc_accordion_tab gutter_size=&#8220;2&#8243; column_padding=&#8220;2&#8243; title=&#8220;Pilates&#8220; tab_id=&#8220;1747657587455-8-3&#8243;][vc_column_text uncode_shortcode_id=&#8220;135712&#8243;]\u00dcbungen zur St\u00e4rkung des K\u00f6rpers und zur Verbesserung der Haltung, Flexibilit\u00e4t und Koordination.[\/vc_column_text][\/vc_accordion_tab][vc_accordion_tab gutter_size=&#8220;2&#8243; column_padding=&#8220;2&#8243; title=&#8220;Elektrotherapie \u00fcber Compex und Ultraschall&#8220; tab_id=&#8220;1747657612382-9-10&#8243;][vc_column_text uncode_shortcode_id=&#8220;154871&#8243;]Einsatz von elektrischen Str\u00f6men und Ultraschall, um Schmerzen zu reduzieren und die Heilung des Gewebes zu f\u00f6rdern.[\/vc_column_text][\/vc_accordion_tab][vc_accordion_tab gutter_size=&#8220;2&#8243; column_padding=&#8220;2&#8243; title=&#8220;Stosswellen&#8220; tab_id=&#8220;1747657640153-10-1&#8243;][vc_column_text uncode_shortcode_id=&#8220;178237&#8243;]Nicht-invasive Behandlung, bei der Schallwellen eingesetzt werden, um die Gewebeheilung zu f\u00f6rdern und Schmerzen zu reduzieren.[\/vc_column_text][\/vc_accordion_tab][vc_accordion_tab gutter_size=&#8220;2&#8243; column_padding=&#8220;2&#8243; title=&#8220;Reathletisierung von Sportlern mit Coaching auf Anfrage&#8220; tab_id=&#8220;1747657668301-11-8&#8243;][vc_column_text uncode_shortcode_id=&#8220;135059&#8243;]Individuelle Programme f\u00fcr Sportler, die darauf abzielen, die R\u00fcckkehr zu k\u00f6rperlicher Aktivit\u00e4t nach einer Verletzung zu erleichtern, mit entsprechender Betreuung und Beratung.[\/vc_column_text][\/vc_accordion_tab][\/vc_accordion][\/vc_column][\/vc_row][vc_row row_height_percent=&#8220;0&#8243; back_color=&#8220;color-161605&#8243; overlay_alpha=&#8220;50&#8243; gutter_size=&#8220;3&#8243; column_width_percent=&#8220;100&#8243; shift_y=&#8220;0&#8243; z_index=&#8220;0&#8243; content_parallax=&#8220;0&#8243; uncode_shortcode_id=&#8220;185658&#8243; back_color_type=&#8220;uncode-palette&#8220;][vc_column column_width_percent=&#8220;100&#8243; gutter_size=&#8220;3&#8243; back_color=&#8220;color-212364&#8243; overlay_alpha=&#8220;50&#8243; shift_x=&#8220;0&#8243; shift_y=&#8220;0&#8243; shift_y_down=&#8220;0&#8243; z_index=&#8220;0&#8243; medium_width=&#8220;0&#8243; mobile_width=&#8220;0&#8243; width=&#8220;1\/3&#8243; uncode_shortcode_id=&#8220;273786&#8243; back_color_type=&#8220;uncode-palette&#8220;][vc_single_image media=&#8220;966&#8243; media_width_percent=&#8220;100&#8243; alignment=&#8220;center&#8220; shadow=&#8220;yes&#8220; shadow_weight=&#8220;sm&#8220; uncode_shortcode_id=&#8220;174180&#8243;][vc_column_text text_color=&#8220;color-xsdn&#8220; uncode_shortcode_id=&#8220;126720&#8243; text_color_type=&#8220;uncode-palette&#8220;]<em><strong>\u00abDank Physio du Lac habe ich neues Vertrauen in meine Genesung gefunden.<\/strong><\/em><em><strong>\u00bb<\/strong><\/em><\/p>\n<p style=\"text-align: right;\">\u00a0Pierre-Alain Chervet<\/p>\n<p>[\/vc_column_text][vc_button button_color=&#8220;color-136261&#8243; border_width=&#8220;0&#8243; button_color_type=&#8220;uncode-palette&#8220; icon=&#8220;fa fa-play-circle-o&#8220; media_lightbox=&#8220;739&#8243; uncode_shortcode_id=&#8220;906626&#8243;]Ganzes Testimonial ansehen[\/vc_button][\/vc_column][vc_column column_width_percent=&#8220;100&#8243; gutter_size=&#8220;3&#8243; back_color=&#8220;color-212364&#8243; overlay_alpha=&#8220;50&#8243; shift_x=&#8220;0&#8243; shift_y=&#8220;0&#8243; shift_y_down=&#8220;0&#8243; z_index=&#8220;0&#8243; medium_width=&#8220;0&#8243; mobile_width=&#8220;0&#8243; width=&#8220;1\/3&#8243; uncode_shortcode_id=&#8220;225320&#8243; back_color_type=&#8220;uncode-palette&#8220;][vc_single_image media=&#8220;967&#8243; media_width_percent=&#8220;100&#8243; alignment=&#8220;center&#8220; shadow=&#8220;yes&#8220; shadow_weight=&#8220;sm&#8220; uncode_shortcode_id=&#8220;690798&#8243;][vc_column_text text_color=&#8220;color-xsdn&#8220; uncode_shortcode_id=&#8220;939071&#8243; text_color_type=&#8220;uncode-palette&#8220;]<em><strong>\u00abNach meinem Unfall haben sie mich bei der Genesung unterst\u00fctzt.<\/strong><\/em><em><strong>\u00bb<\/strong><\/em><\/p>\n<p style=\"text-align: right;\">\u00a0Natalie<\/p>\n<p>[\/vc_column_text][vc_button button_color=&#8220;color-136261&#8243; border_width=&#8220;0&#8243; button_color_type=&#8220;uncode-palette&#8220; icon=&#8220;fa fa-play-circle-o&#8220; media_lightbox=&#8220;969&#8243; uncode_shortcode_id=&#8220;161353&#8243;]Ganzes Testimonial ansehen[\/vc_button][\/vc_column][vc_column column_width_percent=&#8220;100&#8243; gutter_size=&#8220;3&#8243; back_color=&#8220;color-212364&#8243; overlay_alpha=&#8220;50&#8243; shift_x=&#8220;0&#8243; shift_y=&#8220;0&#8243; shift_y_down=&#8220;0&#8243; z_index=&#8220;0&#8243; medium_width=&#8220;0&#8243; mobile_width=&#8220;0&#8243; width=&#8220;1\/3&#8243; uncode_shortcode_id=&#8220;867119&#8243; back_color_type=&#8220;uncode-palette&#8220;][vc_single_image media=&#8220;968&#8243; media_width_percent=&#8220;100&#8243; alignment=&#8220;center&#8220; shadow=&#8220;yes&#8220; shadow_weight=&#8220;sm&#8220; uncode_shortcode_id=&#8220;477675&#8243;][vc_column_text text_color=&#8220;color-xsdn&#8220; uncode_shortcode_id=&#8220;912415&#8243; text_color_type=&#8220;uncode-palette&#8220;]<em><strong>\u00abEin sehr freundlicher und wirklich hilfsbereiter Service! Ich bin sehr\u00a0<\/strong><\/em><em><strong>zufrieden\u00bb<\/strong><\/em><\/p>\n<p style=\"text-align: right;\">Rosi<\/p>\n<p>[\/vc_column_text][vc_button button_color=&#8220;color-136261&#8243; border_width=&#8220;0&#8243; button_color_type=&#8220;uncode-palette&#8220; icon=&#8220;fa fa-play-circle-o&#8220; media_lightbox=&#8220;1004&#8243; uncode_shortcode_id=&#8220;325574&#8243;]Ganzes Testimonial ansehen[\/vc_button][\/vc_column][\/vc_row][vc_row][vc_column width=&#8220;1\/1&#8243;][uncode_block id=&#8220;429&#8243;][\/vc_column][\/vc_row]<\/p>\n<\/div>","protected":false},"excerpt":{"rendered":"<p>[vc_row row_height_percent=&#8220;65&#8243; back_color=&#8220;color-161605&#8243; overlay_alpha=&#8220;50&#8243; gutter_size=&#8220;3&#8243; column_width_percent=&#8220;100&#8243; shift_y=&#8220;0&#8243; z_index=&#8220;0&#8243; content_parallax=&#8220;0&#8243; uncode_shortcode_id=&#8220;267738&#8243; back_color_type=&#8220;uncode-palette&#8220;][vc_column column_width_percent=&#8220;100&#8243; align_horizontal=&#8220;align_center&#8220; gutter_size=&#8220;3&#8243; overlay_alpha=&#8220;50&#8243; shift_x=&#8220;0&#8243; shift_y=&#8220;0&#8243; shift_y_down=&#8220;0&#8243; z_index=&#8220;0&#8243; medium_width=&#8220;0&#8243; [&hellip;]<\/p>\n","protected":false},"author":1,"featured_media":0,"parent":0,"menu_order":0,"comment_status":"closed","ping_status":"closed","template":"","meta":{"footnotes":""},"class_list":["post-360","page","type-page","status-publish","hentry"],"_links":{"self":[{"href":"https:\/\/physiodulac.testbase.ch\/index.php?rest_route=\/wp\/v2\/pages\/360","targetHints":{"allow":["GET"]}}],"collection":[{"href":"https:\/\/physiodulac.testbase.ch\/index.php?rest_route=\/wp\/v2\/pages"}],"about":[{"href":"https:\/\/physiodulac.testbase.ch\/index.php?rest_route=\/wp\/v2\/types\/page"}],"author":[{"embeddable":true,"href":"https:\/\/physiodulac.testbase.ch\/index.php?rest_route=\/wp\/v2\/users\/1"}],"replies":[{"embeddable":true,"href":"https:\/\/physiodulac.testbase.ch\/index.php?rest_route=%2Fwp%2Fv2%2Fcomments&post=360"}],"version-history":[{"count":19,"href":"https:\/\/physiodulac.testbase.ch\/index.php?rest_route=\/wp\/v2\/pages\/360\/revisions"}],"predecessor-version":[{"id":1005,"href":"https:\/\/physiodulac.testbase.ch\/index.php?rest_route=\/wp\/v2\/pages\/360\/revisions\/1005"}],"wp:attachment":[{"href":"https:\/\/physiodulac.testbase.ch\/index.php?rest_route=%2Fwp%2Fv2%2Fmedia&parent=360"}],"curies":[{"name":"wp","href":"https:\/\/api.w.org\/{rel}","templated":true}]}}