{"id":368,"date":"2025-05-07T08:23:48","date_gmt":"2025-05-07T08:23:48","guid":{"rendered":"https:\/\/physiodulac.testbase.ch\/?page_id=368"},"modified":"2025-06-12T11:16:44","modified_gmt":"2025-06-12T11:16:44","slug":"faq","status":"publish","type":"page","link":"https:\/\/physiodulac.testbase.ch\/?page_id=368","title":{"rendered":"FAQ"},"content":{"rendered":"<div class=\"wpb-content-wrapper\"><p>[vc_row row_height_percent=&#8220;65&#8243; back_color=&#8220;color-161605&#8243; overlay_alpha=&#8220;50&#8243; gutter_size=&#8220;3&#8243; column_width_percent=&#8220;100&#8243; shift_y=&#8220;0&#8243; z_index=&#8220;0&#8243; content_parallax=&#8220;0&#8243; uncode_shortcode_id=&#8220;267738&#8243; back_color_type=&#8220;uncode-palette&#8220;][vc_column column_width_percent=&#8220;100&#8243; align_horizontal=&#8220;align_center&#8220; gutter_size=&#8220;3&#8243; overlay_alpha=&#8220;50&#8243; shift_x=&#8220;0&#8243; shift_y=&#8220;0&#8243; shift_y_down=&#8220;0&#8243; z_index=&#8220;0&#8243; medium_width=&#8220;0&#8243; mobile_width=&#8220;0&#8243; width=&#8220;1\/1&#8243; uncode_shortcode_id=&#8220;132691&#8243;][uncode_slider slider_interval=&#8220;3000&#8243; slider_navspeed=&#8220;700&#8243; slider_loop=&#8220;yes&#8220; slider_hide_arrows=&#8220;yes&#8220; slider_hide_dots=&#8220;yes&#8220; el_id=&#8220;slider-279726&#8243;][vc_row_inner row_inner_height_percent=&#8220;50&#8243; back_image=&#8220;628&#8243; overlay_alpha=&#8220;50&#8243; gutter_size=&#8220;3&#8243; shift_y=&#8220;0&#8243; z_index=&#8220;0&#8243; uncode_shortcode_id=&#8220;526363&#8243;][vc_column_inner width=&#8220;1\/1&#8243;][\/vc_column_inner][\/vc_row_inner][vc_row_inner row_inner_height_percent=&#8220;0&#8243; back_image=&#8220;637&#8243; overlay_alpha=&#8220;50&#8243; gutter_size=&#8220;3&#8243; shift_y=&#8220;0&#8243; z_index=&#8220;0&#8243; uncode_shortcode_id=&#8220;267036&#8243;][vc_column_inner width=&#8220;1\/1&#8243;][\/vc_column_inner][\/vc_row_inner][vc_row_inner row_inner_height_percent=&#8220;0&#8243; back_image=&#8220;642&#8243; overlay_alpha=&#8220;50&#8243; gutter_size=&#8220;3&#8243; shift_y=&#8220;0&#8243; z_index=&#8220;0&#8243; uncode_shortcode_id=&#8220;144678&#8243;][vc_column_inner width=&#8220;1\/1&#8243;][\/vc_column_inner][\/vc_row_inner][\/uncode_slider][\/vc_column][\/vc_row][vc_row row_height_percent=&#8220;0&#8243; back_color=&#8220;color-161605&#8243; overlay_alpha=&#8220;50&#8243; gutter_size=&#8220;3&#8243; column_width_percent=&#8220;100&#8243; shift_y=&#8220;0&#8243; z_index=&#8220;0&#8243; content_parallax=&#8220;0&#8243; uncode_shortcode_id=&#8220;653482&#8243; back_color_type=&#8220;uncode-palette&#8220;][vc_column column_width_percent=&#8220;70&#8243; align_horizontal=&#8220;align_center&#8220; gutter_size=&#8220;3&#8243; overlay_alpha=&#8220;50&#8243; shift_x=&#8220;0&#8243; shift_y=&#8220;0&#8243; shift_y_down=&#8220;0&#8243; z_index=&#8220;0&#8243; medium_width=&#8220;0&#8243; mobile_width=&#8220;0&#8243; width=&#8220;1\/1&#8243; uncode_shortcode_id=&#8220;606403&#8243;][vc_custom_heading text_color=&#8220;color-347694&#8243; heading_semantic=&#8220;h1&#8243; text_font=&#8220;font-555555&#8243; text_size=&#8220;h1&#8243; text_weight=&#8220;400&#8243; uncode_shortcode_id=&#8220;968477&#8243; text_color_type=&#8220;uncode-palette&#8220;]FAQ[\/vc_custom_heading][vc_custom_heading text_color=&#8220;color-347694&#8243; heading_semantic=&#8220;h3&#8243; text_size=&#8220;h3&#8243; text_weight=&#8220;400&#8243; uncode_shortcode_id=&#8220;106968&#8243; text_color_type=&#8220;uncode-palette&#8220;]H\u00e4ufig gestellte Fragen zur Physiotherapie[\/vc_custom_heading][\/vc_column][\/vc_row][vc_row row_height_percent=&#8220;0&#8243; back_color=&#8220;color-656314&#8243; overlay_alpha=&#8220;50&#8243; gutter_size=&#8220;3&#8243; column_width_percent=&#8220;60&#8243; shift_y=&#8220;0&#8243; z_index=&#8220;0&#8243; content_parallax=&#8220;0&#8243; uncode_shortcode_id=&#8220;598813&#8243; back_color_type=&#8220;uncode-palette&#8220;][vc_column width=&#8220;1\/1&#8243;][vc_accordion sign=&#8220;plus&#8220; gutter_simple=&#8220;0&#8243; active_txt_color=&#8220;color-347694&#8243; uncode_shortcode_id=&#8220;129423&#8243; active_txt_color_type=&#8220;uncode-palette&#8220; el_class=&#8220;colorBlue&#8220;][vc_accordion_tab gutter_size=&#8220;2&#8243; column_padding=&#8220;2&#8243; title=&#8220;Was ist Physiotherapie und wie kann sie helfen?&#8220; tab_id=&#8220;1746686430-1-13&#8243;][vc_column_text uncode_shortcode_id=&#8220;872365&#8243;]Physiotherapie ist eine ganzheitliche Behandlungsmethode, die darauf abzielt, die Beweglichkeit zu verbessern, Schmerzen zu lindern und die Funktion des K\u00f6rpers wiederherzustellen. Durch gezielte \u00dcbungen, manuelle Therapie und andere Techniken k\u00f6nnen verschiedene Beschwerden wie R\u00fcckenschmerzen, Sportverletzungen und orthop\u00e4dische Probleme behandelt werden.\u200b[\/vc_column_text][\/vc_accordion_tab][vc_accordion_tab gutter_size=&#8220;2&#8243; column_padding=&#8220;2&#8243; title=&#8220;Welche Arten von physiotherapeutischen Behandlungen bieten wir an?&#8220; tab_id=&#8220;1746686430-2-6&#8243;][vc_column_text uncode_shortcode_id=&#8220;178214&#8243;]Unsere Leistungen umfassen allgemeine Physiotherapie, Sportphysiotherapie, neurologische Rehabilitation, p\u00e4diatrische Physiotherapie, uro-gyn\u00e4kologische Physiotherapie sowie Wohlf\u00fchlmassagen und Lymphdrainage.\u200b[\/vc_column_text][\/vc_accordion_tab][vc_accordion_tab gutter_size=&#8220;2&#8243; column_padding=&#8220;2&#8243; title=&#8220;Wie l\u00e4uft eine physiotherapeutische Behandlung ab?&#8220; tab_id=&#8220;1746687093799-2-1&#8243;][vc_column_text uncode_shortcode_id=&#8220;161137&#8243;]Jede Behandlung wird individuell auf die Bed\u00fcrfnisse des Patienten abgestimmt. Nach einer gr\u00fcndlichen Untersuchung wird ein personalisierter Behandlungsplan erstellt, der verschiedene Techniken und \u00dcbungen beinhalten kann.\u200b[\/vc_column_text][\/vc_accordion_tab][vc_accordion_tab gutter_size=&#8220;2&#8243; column_padding=&#8220;2&#8243; title=&#8220;Wie kann ich einen Termin vereinbaren?&#8220; tab_id=&#8220;1746687133797-3-8&#8243;][vc_column_text uncode_shortcode_id=&#8220;112674&#8243;]Termine k\u00f6nnen telefonisch, per E-Mail oder \u00fcber unser Online-Buchungssystem auf der Website vereinbart werden.\u200b[\/vc_column_text][\/vc_accordion_tab][vc_accordion_tab gutter_size=&#8220;2&#8243; column_padding=&#8220;2&#8243; title=&#8220;Wer tr\u00e4gt die Kosten f\u00fcr physiotherapeutische Behandlungen?&#8220; tab_id=&#8220;1746687156832-4-0&#8243;][vc_column_text uncode_shortcode_id=&#8220;132686&#8243;]Die Kosten f\u00fcr Physiotherapie werden in der Regel von der Grundversicherung Ihrer Krankenkasse oder von der Unfallversicherung \u00fcbernommen, sofern eine \u00e4rztliche Verordnung vorliegt.\u200b[\/vc_column_text][\/vc_accordion_tab][vc_accordion_tab gutter_size=&#8220;2&#8243; column_padding=&#8220;2&#8243; title=&#8220;Wie lange dauert eine typische physiotherapeutische Sitzung?&#8220; tab_id=&#8220;1746687186015-5-0&#8243;][vc_column_text uncode_shortcode_id=&#8220;138572&#8243;]Die Dauer einer Sitzung h\u00e4ngt von der Art der Behandlung und den individuellen Bed\u00fcrfnissen des Patienten ab. In der Regel dauert eine Sitzung etwa 30 Minuten.\u200b[\/vc_column_text][\/vc_accordion_tab][vc_accordion_tab gutter_size=&#8220;2&#8243; column_padding=&#8220;2&#8243; title=&#8220;Ist eine \u00e4rztliche Verordnung f\u00fcr Physiotherapie erforderlich?&#8220; tab_id=&#8220;1746687211465-6-10&#8243;][vc_column_text uncode_shortcode_id=&#8220;676960&#8243;]In den meisten F\u00e4llen ist eine \u00e4rztliche Verordnung erforderlich, damit die Krankenkasse die Kosten \u00fcbernimmt. Selbstverst\u00e4ndlich k\u00f6nnen Sie auch ohne Verordnung als Selbstzahler unsere Leistungen in Anspruch nehmen.\u200b[\/vc_column_text][\/vc_accordion_tab][vc_accordion_tab gutter_size=&#8220;2&#8243; column_padding=&#8220;2&#8243; title=&#8220;Wie oft sollte ich zur Physiotherapie gehen?&#8220; tab_id=&#8220;1746687243065-7-10&#8243;][vc_column_text uncode_shortcode_id=&#8220;196440&#8243;]Die H\u00e4ufigkeit der Behandlungen h\u00e4ngt von der Art der Beschwerden und dem Fortschritt der Rehabilitation ab. Ihr Physiotherapeut wird einen individuellen Behandlungsplan erstellen und Empfehlungen zur Frequenz der Sitzungen geben.[\/vc_column_text][\/vc_accordion_tab][vc_accordion_tab gutter_size=&#8220;2&#8243; column_padding=&#8220;2&#8243; title=&#8220;Bieten Sie auch Hausbesuche an?&#8220; tab_id=&#8220;1746687295965-8-7&#8243;][vc_column_text uncode_shortcode_id=&#8220;333781&#8243;]Ja, wir bieten Hausbesuche in der Region Murtensee und Sugiez an, um Patienten zu behandeln, die nicht in der Lage sind, unsere Praxis aufzusuchen.\u200b[\/vc_column_text][\/vc_accordion_tab][vc_accordion_tab gutter_size=&#8220;2&#8243; column_padding=&#8220;2&#8243; title=&#8220;Gibt es spezielle Programme f\u00fcr die Rehabilitation nach Sportverletzungen?&#8220; tab_id=&#8220;1746687330081-9-1&#8243;][vc_column_text uncode_shortcode_id=&#8220;191683&#8243;]Ja, wir bieten spezielle Programme zur Rehabilitation nach Sportverletzungen an, die darauf abzielen, die Genesung zu beschleunigen und die Leistungsf\u00e4higkeit wiederherzustellen.[\/vc_column_text][\/vc_accordion_tab][vc_accordion_tab gutter_size=&#8220;2&#8243; column_padding=&#8220;2&#8243; title=&#8220;Kann Physiotherapie bei chronischen Schmerzen helfen?&#8220; tab_id=&#8220;1746687363213-10-7&#8243;][vc_column_text uncode_shortcode_id=&#8220;564687&#8243;]Ja, Physiotherapie kann bei chronischen Schmerzen helfen, indem sie die Beweglichkeit verbessert, die Muskulatur st\u00e4rkt und Schmerzen lindert.\u200b[\/vc_column_text][\/vc_accordion_tab][vc_accordion_tab gutter_size=&#8220;2&#8243; column_padding=&#8220;2&#8243; title=&#8220;Gibt es \u00dcbungen, die ich zu Hause durchf\u00fchren kann, um meine Genesung zu unterst\u00fctzen?&#8220; tab_id=&#8220;1746687387781-11-6&#8243;][vc_column_text uncode_shortcode_id=&#8220;108632&#8243;]Ja, Ihr Physiotherapeut wird Ihnen \u00dcbungen und Techniken zeigen, die Sie zu Hause durchf\u00fchren k\u00f6nnen, um Ihre Genesung zu unterst\u00fctzen und Fortschritte zu erzielen.\u200b[\/vc_column_text][\/vc_accordion_tab][vc_accordion_tab gutter_size=&#8220;2&#8243; column_padding=&#8220;2&#8243; title=&#8220;Was sollte ich vor meiner ersten Physiotherapiesitzung beachten?&#8220; tab_id=&#8220;1746687414996-12-0&#8243;][vc_column_text uncode_shortcode_id=&#8220;100913&#8243;]Vor Ihrer ersten Sitzung sollten Sie bequeme Kleidung tragen und relevante medizinische Unterlagen, wie Arztberichte oder R\u00f6ntgenbilder, mitbringen.[\/vc_column_text][\/vc_accordion_tab][vc_accordion_tab gutter_size=&#8220;2&#8243; column_padding=&#8220;2&#8243; title=&#8220;Kann ich w\u00e4hrend der Schwangerschaft Physiotherapie in Anspruch nehmen?&#8220; tab_id=&#8220;1746687452947-13-2&#8243;][vc_column_text uncode_shortcode_id=&#8220;144269&#8243;]Ja, wir bieten spezielle Programme f\u00fcr Schwangere an, um Beschwerden w\u00e4hrend der Schwangerschaft zu lindern und die k\u00f6rperliche Fitness zu erhalten.\u200b[\/vc_column_text][\/vc_accordion_tab][vc_accordion_tab gutter_size=&#8220;2&#8243; column_padding=&#8220;2&#8243; title=&#8220;Bieten Sie spezielle Behandlungen f\u00fcr Kinder und Jugendliche an?&#8220; tab_id=&#8220;1746687485513-14-8&#8243;][vc_column_text uncode_shortcode_id=&#8220;104850&#8243;]Ja, wir bieten spezielle Behandlungen f\u00fcr Kinder und Jugendliche an, um Entwicklungsverz\u00f6gerungen zu behandeln, Verletzungen vorzubeugen und die sportliche Leistung zu verbessern.\u200b[\/vc_column_text][\/vc_accordion_tab][vc_accordion_tab gutter_size=&#8220;2&#8243; column_padding=&#8220;2&#8243; title=&#8220;Wie viel kostet eine Stunde Physiotherapie in der Schweiz?&#8220; tab_id=&#8220;1746687520480-15-1&#8243;][vc_column_text uncode_shortcode_id=&#8220;111399&#8243;]Die Kosten f\u00fcr eine Stunde Physiotherapie in der Schweiz variieren je nach Praxis und Region, liegen jedoch in der Regel zwischen 80 und 150 Schweizer Franken pro Stunde.\u200b[\/vc_column_text][\/vc_accordion_tab][vc_accordion_tab gutter_size=&#8220;2&#8243; column_padding=&#8220;2&#8243; title=&#8220;Kann ich direkt zu einem Physiotherapeuten gehen?&#8220; tab_id=&#8220;1746687552529-16-1&#8243;][vc_column_text uncode_shortcode_id=&#8220;235911&#8243;]In der Schweiz ist es \u00fcblich, dass Patienten ohne \u00e4rztliche \u00dcberweisung einen Physiotherapeuten aufsuchen k\u00f6nnen. Allerdings verlangen einige Krankenkassen eine \u00e4rztliche Verordnung, um die Kosten zu \u00fcbernehmen.\u200b[\/vc_column_text][\/vc_accordion_tab][vc_accordion_tab gutter_size=&#8220;2&#8243; column_padding=&#8220;2&#8243; title=&#8220;Wie viel kostet eine 20-min\u00fctige Physiotherapie?&#8220; tab_id=&#8220;1746687583896-17-5&#8243;][vc_column_text uncode_shortcode_id=&#8220;767492&#8243;]Die Kosten f\u00fcr 20 Minuten Physiotherapie in der Schweiz k\u00f6nnen je nach Praxis und spezifischer Behandlung zwischen 30 und 60 Schweizer Franken betragen.\u200b[\/vc_column_text][\/vc_accordion_tab][vc_accordion_tab gutter_size=&#8220;2&#8243; column_padding=&#8220;2&#8243; title=&#8220;Wie viel Trinkgeld sollte ich einem Physiotherapeuten geben?&#8220; tab_id=&#8220;1746687610661-18-0&#8243;][vc_column_text uncode_shortcode_id=&#8220;864243&#8243;]In der Regel ist es nicht \u00fcblich, einem Physiotherapeuten Trinkgeld zu geben. Die Behandlungskosten sind normalerweise bereits abgedeckt.[\/vc_column_text][\/vc_accordion_tab][vc_accordion_tab gutter_size=&#8220;2&#8243; column_padding=&#8220;2&#8243; title=&#8220;Wie oft kann ich pro Woche zur Physiotherapie gehen?&#8220; tab_id=&#8220;1746687639262-19-10&#8243;][vc_column_text uncode_shortcode_id=&#8220;803581&#8243;]Die H\u00e4ufigkeit der Physiotherapiesitzungen pro Woche h\u00e4ngt von Ihren individuellen Bed\u00fcrfnissen und dem Fortschritt Ihrer Rehabilitation ab. Ihr Physiotherapeut wird Ihnen entsprechende Empfehlungen geben.[\/vc_column_text][\/vc_accordion_tab][vc_accordion_tab gutter_size=&#8220;2&#8243; column_padding=&#8220;2&#8243; title=&#8220;Bieten Sie auch Massagen an?&#8220; tab_id=&#8220;1746687667677-20-5&#8243;][vc_column_text uncode_shortcode_id=&#8220;198132&#8243;]Ja, wir bieten auch Massagen an, die dazu beitragen k\u00f6nnen, Muskelverspannungen zu l\u00f6sen, die Durchblutung zu verbessern und Stress abzubauen.\u200b[\/vc_column_text][\/vc_accordion_tab][vc_accordion_tab gutter_size=&#8220;2&#8243; column_padding=&#8220;2&#8243; title=&#8220;Wie kann ich meine Beweglichkeit im Alter erhalten?&#8220; tab_id=&#8220;1746687690378-21-10&#8243;][vc_column_text uncode_shortcode_id=&#8220;414392&#8243;]Ihr Physiotherapeut kann Ihnen \u00dcbungen und Techniken zeigen, um Ihre Beweglichkeit zu erhalten und Ihre Flexibilit\u00e4t im Alter zu verbessern.\u200b[\/vc_column_text][\/vc_accordion_tab][vc_accordion_tab gutter_size=&#8220;2&#8243; column_padding=&#8220;2&#8243; title=&#8220;Wie kann ich meine Haltung verbessern?&#8220; tab_id=&#8220;1746687714625-22-4&#8243;][vc_column_text uncode_shortcode_id=&#8220;197925&#8243;]Ihr Physiotherapeut kann Ihnen \u00dcbungen und Techniken zeigen, um Ihre Haltung zu verbessern, Muskeln zu st\u00e4rken und Fehlhaltungen zu korrigieren.\u200b[\/vc_column_text][\/vc_accordion_tab][vc_accordion_tab gutter_size=&#8220;2&#8243; column_padding=&#8220;2&#8243; title=&#8220;Wie kann ich meine Balance und Koordination verbessern?&#8220; tab_id=&#8220;1746687738931-23-6&#8243;][vc_column_text uncode_shortcode_id=&#8220;712933&#8243;]Ihr Physiotherapeut kann Ihnen \u00dcbungen und Techniken zeigen, um Ihre Balance und Koordination zu verbessern und das Risiko von St\u00fcrzen zu reduzieren.\u200b[\/vc_column_text][\/vc_accordion_tab][vc_accordion_tab gutter_size=&#8220;2&#8243; column_padding=&#8220;2&#8243; title=&#8220;Wie kann ich meine Muskeln nach einer Verletzung wieder aufbauen?&#8220; tab_id=&#8220;1746687766165-24-9&#8243;][vc_column_text uncode_shortcode_id=&#8220;144361&#8243;]Ihr Physiotherapeut kann Ihnen \u00dcbungen und Techniken zeigen, um Ihre Muskeln nach einer Verletzung wieder aufzubauen und die Funktion des betroffenen Bereichs wieder herzustellen.[\/vc_column_text][\/vc_accordion_tab][\/vc_accordion][\/vc_column][\/vc_row][vc_row row_height_percent=&#8220;0&#8243; override_padding=&#8220;yes&#8220; h_padding=&#8220;7&#8243; top_padding=&#8220;2&#8243; bottom_padding=&#8220;2&#8243; back_color=&#8220;color-161605&#8243; overlay_alpha=&#8220;50&#8243; gutter_size=&#8220;3&#8243; column_width_percent=&#8220;100&#8243; shift_y=&#8220;0&#8243; z_index=&#8220;0&#8243; content_parallax=&#8220;0&#8243; uncode_shortcode_id=&#8220;797203&#8243; back_color_type=&#8220;uncode-palette&#8220;][vc_column column_width_percent=&#8220;100&#8243; align_horizontal=&#8220;align_center&#8220; gutter_size=&#8220;3&#8243; overlay_alpha=&#8220;50&#8243; shift_x=&#8220;0&#8243; shift_y=&#8220;0&#8243; shift_y_down=&#8220;0&#8243; z_index=&#8220;0&#8243; medium_width=&#8220;0&#8243; mobile_width=&#8220;0&#8243; width=&#8220;1\/1&#8243; uncode_shortcode_id=&#8220;199904&#8243; css=&#8220;.vc_custom_1745504509828{padding-bottom: 30px !important;}&#8220;][vc_custom_heading text_color=&#8220;color-347694&#8243; heading_semantic=&#8220;h3&#8243; text_size=&#8220;h3&#8243; text_weight=&#8220;400&#8243; uncode_shortcode_id=&#8220;182581&#8243; text_color_type=&#8220;uncode-palette&#8220;]Haben Sie weitere Fragen? Kontaktieren Sie uns![\/vc_custom_heading][\/vc_column][\/vc_row][vc_row][vc_column width=&#8220;1\/1&#8243;][uncode_block id=&#8220;429&#8243;][\/vc_column][\/vc_row]<\/p>\n<\/div>","protected":false},"excerpt":{"rendered":"<p>[vc_row row_height_percent=&#8220;65&#8243; back_color=&#8220;color-161605&#8243; overlay_alpha=&#8220;50&#8243; gutter_size=&#8220;3&#8243; column_width_percent=&#8220;100&#8243; shift_y=&#8220;0&#8243; z_index=&#8220;0&#8243; content_parallax=&#8220;0&#8243; uncode_shortcode_id=&#8220;267738&#8243; back_color_type=&#8220;uncode-palette&#8220;][vc_column column_width_percent=&#8220;100&#8243; align_horizontal=&#8220;align_center&#8220; gutter_size=&#8220;3&#8243; overlay_alpha=&#8220;50&#8243; shift_x=&#8220;0&#8243; shift_y=&#8220;0&#8243; shift_y_down=&#8220;0&#8243; z_index=&#8220;0&#8243; medium_width=&#8220;0&#8243; [&hellip;]<\/p>\n","protected":false},"author":1,"featured_media":0,"parent":0,"menu_order":0,"comment_status":"closed","ping_status":"closed","template":"","meta":{"footnotes":""},"class_list":["post-368","page","type-page","status-publish","hentry"],"_links":{"self":[{"href":"https:\/\/physiodulac.testbase.ch\/index.php?rest_route=\/wp\/v2\/pages\/368","targetHints":{"allow":["GET"]}}],"collection":[{"href":"https:\/\/physiodulac.testbase.ch\/index.php?rest_route=\/wp\/v2\/pages"}],"about":[{"href":"https:\/\/physiodulac.testbase.ch\/index.php?rest_route=\/wp\/v2\/types\/page"}],"author":[{"embeddable":true,"href":"https:\/\/physiodulac.testbase.ch\/index.php?rest_route=\/wp\/v2\/users\/1"}],"replies":[{"embeddable":true,"href":"https:\/\/physiodulac.testbase.ch\/index.php?rest_route=%2Fwp%2Fv2%2Fcomments&post=368"}],"version-history":[{"count":10,"href":"https:\/\/physiodulac.testbase.ch\/index.php?rest_route=\/wp\/v2\/pages\/368\/revisions"}],"predecessor-version":[{"id":655,"href":"https:\/\/physiodulac.testbase.ch\/index.php?rest_route=\/wp\/v2\/pages\/368\/revisions\/655"}],"wp:attachment":[{"href":"https:\/\/physiodulac.testbase.ch\/index.php?rest_route=%2Fwp%2Fv2%2Fmedia&parent=368"}],"curies":[{"name":"wp","href":"https:\/\/api.w.org\/{rel}","templated":true}]}}