{"id":371,"date":"2025-05-07T08:43:40","date_gmt":"2025-05-07T08:43:40","guid":{"rendered":"https:\/\/physiodulac.testbase.ch\/?page_id=371"},"modified":"2025-06-13T09:10:48","modified_gmt":"2025-06-13T09:10:48","slug":"ueber-uns","status":"publish","type":"page","link":"https:\/\/physiodulac.testbase.ch\/?page_id=371","title":{"rendered":"\u00dcber uns"},"content":{"rendered":"<div class=\"wpb-content-wrapper\"><p>[vc_row row_height_percent=&#8220;65&#8243; back_color=&#8220;color-161605&#8243; overlay_alpha=&#8220;50&#8243; gutter_size=&#8220;3&#8243; column_width_percent=&#8220;100&#8243; shift_y=&#8220;0&#8243; z_index=&#8220;0&#8243; content_parallax=&#8220;0&#8243; uncode_shortcode_id=&#8220;267738&#8243; back_color_type=&#8220;uncode-palette&#8220;][vc_column column_width_percent=&#8220;100&#8243; align_horizontal=&#8220;align_center&#8220; gutter_size=&#8220;3&#8243; overlay_alpha=&#8220;50&#8243; shift_x=&#8220;0&#8243; shift_y=&#8220;0&#8243; shift_y_down=&#8220;0&#8243; z_index=&#8220;0&#8243; medium_width=&#8220;0&#8243; mobile_width=&#8220;0&#8243; width=&#8220;1\/1&#8243; uncode_shortcode_id=&#8220;132691&#8243;][uncode_slider slider_interval=&#8220;3000&#8243; slider_navspeed=&#8220;700&#8243; slider_loop=&#8220;yes&#8220; slider_hide_arrows=&#8220;yes&#8220; slider_hide_dots=&#8220;yes&#8220; el_id=&#8220;slider-279726&#8243;][vc_row_inner row_inner_height_percent=&#8220;50&#8243; back_image=&#8220;628&#8243; overlay_alpha=&#8220;50&#8243; gutter_size=&#8220;3&#8243; shift_y=&#8220;0&#8243; z_index=&#8220;0&#8243; uncode_shortcode_id=&#8220;103941&#8243;][vc_column_inner width=&#8220;1\/1&#8243;][\/vc_column_inner][\/vc_row_inner][vc_row_inner row_inner_height_percent=&#8220;0&#8243; back_image=&#8220;629&#8243; overlay_alpha=&#8220;50&#8243; gutter_size=&#8220;3&#8243; shift_y=&#8220;0&#8243; z_index=&#8220;0&#8243; uncode_shortcode_id=&#8220;142113&#8243;][vc_column_inner width=&#8220;1\/1&#8243;][\/vc_column_inner][\/vc_row_inner][vc_row_inner row_inner_height_percent=&#8220;0&#8243; back_image=&#8220;630&#8243; overlay_alpha=&#8220;50&#8243; gutter_size=&#8220;3&#8243; shift_y=&#8220;0&#8243; z_index=&#8220;0&#8243; uncode_shortcode_id=&#8220;125832&#8243;][vc_column_inner width=&#8220;1\/1&#8243;][\/vc_column_inner][\/vc_row_inner][vc_row_inner row_inner_height_percent=&#8220;0&#8243; back_image=&#8220;920&#8243; overlay_alpha=&#8220;50&#8243; gutter_size=&#8220;3&#8243; shift_y=&#8220;0&#8243; z_index=&#8220;0&#8243; uncode_shortcode_id=&#8220;297719&#8243;][vc_column_inner width=&#8220;1\/1&#8243;][\/vc_column_inner][\/vc_row_inner][vc_row_inner row_inner_height_percent=&#8220;0&#8243; back_image=&#8220;921&#8243; overlay_alpha=&#8220;50&#8243; gutter_size=&#8220;3&#8243; shift_y=&#8220;0&#8243; z_index=&#8220;0&#8243; uncode_shortcode_id=&#8220;177093&#8243;][vc_column_inner width=&#8220;1\/1&#8243;][\/vc_column_inner][\/vc_row_inner][\/uncode_slider][\/vc_column][\/vc_row][vc_row row_height_percent=&#8220;0&#8243; back_color=&#8220;color-161605&#8243; overlay_alpha=&#8220;50&#8243; gutter_size=&#8220;3&#8243; column_width_percent=&#8220;100&#8243; shift_y=&#8220;0&#8243; z_index=&#8220;0&#8243; content_parallax=&#8220;0&#8243; uncode_shortcode_id=&#8220;653482&#8243; back_color_type=&#8220;uncode-palette&#8220;][vc_column column_width_percent=&#8220;70&#8243; align_horizontal=&#8220;align_center&#8220; gutter_size=&#8220;3&#8243; overlay_alpha=&#8220;50&#8243; shift_x=&#8220;0&#8243; shift_y=&#8220;0&#8243; shift_y_down=&#8220;0&#8243; z_index=&#8220;0&#8243; medium_width=&#8220;0&#8243; mobile_width=&#8220;0&#8243; width=&#8220;1\/1&#8243; uncode_shortcode_id=&#8220;606403&#8243;][vc_custom_heading text_color=&#8220;color-347694&#8243; heading_semantic=&#8220;h1&#8243; text_font=&#8220;font-555555&#8243; text_size=&#8220;h1&#8243; text_weight=&#8220;400&#8243; uncode_shortcode_id=&#8220;103820&#8243; text_color_type=&#8220;uncode-palette&#8220;]\u00dcber uns[\/vc_custom_heading][vc_custom_heading text_color=&#8220;color-347694&#8243; heading_semantic=&#8220;h3&#8243; text_size=&#8220;h3&#8243; text_weight=&#8220;400&#8243; uncode_shortcode_id=&#8220;262607&#8243; text_color_type=&#8220;uncode-palette&#8220;]Gemeinsam f\u00fcr Ihre Gesundheit[\/vc_custom_heading][vc_column_text text_color=&#8220;color-347694&#8243; uncode_shortcode_id=&#8220;945243&#8243; text_color_type=&#8220;uncode-palette&#8220;]Physio du Lac &amp; Physio du Parc stehen f\u00fcr erstklassige Physiotherapie und nachhaltige Behandlungserfolge. Unser erfahrenes Team setzt auf pers\u00f6nliche Betreuung und massgeschneiderte Therapiepl\u00e4ne, um Ihre Gesundheit langfristig zu st\u00e4rken.[\/vc_column_text][\/vc_column][\/vc_row][vc_row row_height_percent=&#8220;0&#8243; back_color=&#8220;color-656314&#8243; overlay_alpha=&#8220;50&#8243; gutter_size=&#8220;3&#8243; column_width_percent=&#8220;100&#8243; shift_y=&#8220;0&#8243; z_index=&#8220;0&#8243; content_parallax=&#8220;0&#8243; uncode_shortcode_id=&#8220;690118&#8243; back_color_type=&#8220;uncode-palette&#8220;][vc_column column_width_percent=&#8220;70&#8243; align_horizontal=&#8220;align_center&#8220; gutter_size=&#8220;3&#8243; overlay_alpha=&#8220;50&#8243; shift_x=&#8220;0&#8243; shift_y=&#8220;0&#8243; shift_y_down=&#8220;0&#8243; z_index=&#8220;0&#8243; medium_width=&#8220;0&#8243; mobile_width=&#8220;0&#8243; width=&#8220;1\/1&#8243; uncode_shortcode_id=&#8220;606403&#8243;][vc_custom_heading text_color=&#8220;color-347694&#8243; heading_semantic=&#8220;h3&#8243; text_font=&#8220;font-555555&#8243; text_size=&#8220;h3&#8243; text_weight=&#8220;400&#8243; uncode_shortcode_id=&#8220;182507&#8243; text_color_type=&#8220;uncode-palette&#8220;]Was uns auszeichnet:[\/vc_custom_heading][vc_column_text text_color=&#8220;color-347694&#8243; uncode_shortcode_id=&#8220;424318&#8243; text_color_type=&#8220;uncode-palette&#8220;]Ganzheitlicher Behandlungsansatz<br \/>\nZusammenarbeit mit f\u00fchrenden \u00c4rzten der Region sowie Seniorenresidenzen<br \/>\nErfahrungen im Hochleistungssport<br \/>\nFundierte Fachkenntnisse &amp; regelm\u00e4ssige Weiterbildungen<br \/>\nModerne Praxisausstattung in angenehmer Atmosph\u00e4re<br \/>\nManuelle Therapien nach Maitland<br \/>\nAkkreditiert vom Gesundheitsdepartement des Kantons Freiburg[\/vc_column_text][\/vc_column][\/vc_row][vc_row row_height_percent=&#8220;0&#8243; back_color=&#8220;color-161605&#8243; overlay_alpha=&#8220;50&#8243; gutter_size=&#8220;3&#8243; column_width_percent=&#8220;100&#8243; shift_y=&#8220;0&#8243; z_index=&#8220;0&#8243; content_parallax=&#8220;0&#8243; uncode_shortcode_id=&#8220;188526&#8243; back_color_type=&#8220;uncode-palette&#8220;][vc_column column_width_percent=&#8220;100&#8243; align_horizontal=&#8220;align_center&#8220; gutter_size=&#8220;3&#8243; overlay_alpha=&#8220;50&#8243; shift_x=&#8220;0&#8243; shift_y=&#8220;0&#8243; shift_y_down=&#8220;0&#8243; z_index=&#8220;0&#8243; medium_width=&#8220;0&#8243; mobile_width=&#8220;0&#8243; width=&#8220;1\/2&#8243; uncode_shortcode_id=&#8220;516678&#8243;][vc_custom_heading heading_semantic=&#8220;h3&#8243; text_size=&#8220;h3&#8243; text_weight=&#8220;400&#8243; uncode_shortcode_id=&#8220;200036&#8243;]Team Murten[\/vc_custom_heading][vc_single_image media=&#8220;990&#8243; media_width_percent=&#8220;100&#8243; uncode_shortcode_id=&#8220;179671&#8243;][\/vc_column][vc_column column_width_percent=&#8220;100&#8243; align_horizontal=&#8220;align_center&#8220; gutter_size=&#8220;3&#8243; overlay_alpha=&#8220;50&#8243; shift_x=&#8220;0&#8243; shift_y=&#8220;0&#8243; shift_y_down=&#8220;0&#8243; z_index=&#8220;0&#8243; medium_width=&#8220;0&#8243; mobile_width=&#8220;0&#8243; width=&#8220;1\/2&#8243; uncode_shortcode_id=&#8220;658155&#8243;][vc_custom_heading heading_semantic=&#8220;h3&#8243; text_size=&#8220;h3&#8243; text_weight=&#8220;400&#8243; uncode_shortcode_id=&#8220;258322&#8243;]Team Sugiez[\/vc_custom_heading][vc_single_image media=&#8220;991&#8243; media_width_percent=&#8220;100&#8243; uncode_shortcode_id=&#8220;117756&#8243;][\/vc_column][\/vc_row][vc_row row_height_percent=&#8220;0&#8243; override_padding=&#8220;yes&#8220; h_padding=&#8220;2&#8243; top_padding=&#8220;2&#8243; bottom_padding=&#8220;1&#8243; back_color=&#8220;color-xsdn&#8220; overlay_alpha=&#8220;50&#8243; gutter_size=&#8220;3&#8243; column_width_percent=&#8220;100&#8243; shift_y=&#8220;0&#8243; z_index=&#8220;0&#8243; content_parallax=&#8220;0&#8243; uncode_shortcode_id=&#8220;982273&#8243; back_color_type=&#8220;uncode-palette&#8220;][vc_column column_width_percent=&#8220;100&#8243; align_horizontal=&#8220;align_center&#8220; gutter_size=&#8220;3&#8243; overlay_alpha=&#8220;50&#8243; shift_x=&#8220;0&#8243; shift_y=&#8220;0&#8243; shift_y_down=&#8220;0&#8243; z_index=&#8220;0&#8243; medium_width=&#8220;0&#8243; mobile_width=&#8220;0&#8243; width=&#8220;1\/1&#8243; uncode_shortcode_id=&#8220;129914&#8243;][vc_custom_heading text_color=&#8220;color-347694&#8243; heading_semantic=&#8220;h1&#8243; text_font=&#8220;font-555555&#8243; text_size=&#8220;h1&#8243; text_weight=&#8220;400&#8243; uncode_shortcode_id=&#8220;997865&#8243; text_color_type=&#8220;uncode-palette&#8220;]Partnerschaften[\/vc_custom_heading][vc_row_inner row_inner_height_percent=&#8220;0&#8243; overlay_alpha=&#8220;50&#8243; gutter_size=&#8220;3&#8243; shift_y=&#8220;0&#8243; z_index=&#8220;0&#8243; uncode_shortcode_id=&#8220;749146&#8243; css=&#8220;.vc_custom_1746449735247{margin-top: -30px !important;border-top-width: -30px !important;padding-top: -30px !important;}&#8220;][vc_column_inner width=&#8220;1\/4&#8243;][vc_single_image media=&#8220;265&#8243; media_width_percent=&#8220;69&#8243; uncode_shortcode_id=&#8220;205543&#8243;][\/vc_column_inner][vc_column_inner width=&#8220;1\/4&#8243;][vc_single_image media=&#8220;230&#8243; media_width_percent=&#8220;69&#8243; uncode_shortcode_id=&#8220;115466&#8243;][\/vc_column_inner][vc_column_inner width=&#8220;1\/4&#8243;][vc_single_image media=&#8220;229&#8243; media_width_percent=&#8220;69&#8243; uncode_shortcode_id=&#8220;142202&#8243;][\/vc_column_inner][vc_column_inner width=&#8220;1\/4&#8243;][vc_single_image media=&#8220;228&#8243; media_width_percent=&#8220;69&#8243; uncode_shortcode_id=&#8220;254003&#8243;][\/vc_column_inner][\/vc_row_inner][\/vc_column][\/vc_row][vc_row][vc_column width=&#8220;1\/1&#8243;][uncode_block id=&#8220;429&#8243;][\/vc_column][\/vc_row]<\/p>\n<\/div>","protected":false},"excerpt":{"rendered":"<p>[vc_row row_height_percent=&#8220;65&#8243; back_color=&#8220;color-161605&#8243; overlay_alpha=&#8220;50&#8243; gutter_size=&#8220;3&#8243; column_width_percent=&#8220;100&#8243; shift_y=&#8220;0&#8243; z_index=&#8220;0&#8243; content_parallax=&#8220;0&#8243; uncode_shortcode_id=&#8220;267738&#8243; back_color_type=&#8220;uncode-palette&#8220;][vc_column column_width_percent=&#8220;100&#8243; align_horizontal=&#8220;align_center&#8220; gutter_size=&#8220;3&#8243; overlay_alpha=&#8220;50&#8243; shift_x=&#8220;0&#8243; shift_y=&#8220;0&#8243; shift_y_down=&#8220;0&#8243; z_index=&#8220;0&#8243; medium_width=&#8220;0&#8243; [&hellip;]<\/p>\n","protected":false},"author":1,"featured_media":0,"parent":0,"menu_order":0,"comment_status":"closed","ping_status":"closed","template":"","meta":{"footnotes":""},"class_list":["post-371","page","type-page","status-publish","hentry"],"_links":{"self":[{"href":"https:\/\/physiodulac.testbase.ch\/index.php?rest_route=\/wp\/v2\/pages\/371","targetHints":{"allow":["GET"]}}],"collection":[{"href":"https:\/\/physiodulac.testbase.ch\/index.php?rest_route=\/wp\/v2\/pages"}],"about":[{"href":"https:\/\/physiodulac.testbase.ch\/index.php?rest_route=\/wp\/v2\/types\/page"}],"author":[{"embeddable":true,"href":"https:\/\/physiodulac.testbase.ch\/index.php?rest_route=\/wp\/v2\/users\/1"}],"replies":[{"embeddable":true,"href":"https:\/\/physiodulac.testbase.ch\/index.php?rest_route=%2Fwp%2Fv2%2Fcomments&post=371"}],"version-history":[{"count":10,"href":"https:\/\/physiodulac.testbase.ch\/index.php?rest_route=\/wp\/v2\/pages\/371\/revisions"}],"predecessor-version":[{"id":992,"href":"https:\/\/physiodulac.testbase.ch\/index.php?rest_route=\/wp\/v2\/pages\/371\/revisions\/992"}],"wp:attachment":[{"href":"https:\/\/physiodulac.testbase.ch\/index.php?rest_route=%2Fwp%2Fv2%2Fmedia&parent=371"}],"curies":[{"name":"wp","href":"https:\/\/api.w.org\/{rel}","templated":true}]}}